{"id":35,"date":"2022-09-14T11:41:53","date_gmt":"2022-09-14T11:41:53","guid":{"rendered":"https:\/\/aw23.asem.at\/?page_id=35"},"modified":"2022-12-27T08:13:29","modified_gmt":"2022-12-27T08:13:29","slug":"restaurants","status":"publish","type":"page","link":"https:\/\/aw23.asem.at\/?page_id=35","title":{"rendered":"Food"},"content":{"rendered":"\n<p style=\"font-size:16px\">We offer lunch, coffee breaks and a workshop dinner, so you don&#8217;t need to eat elsewhere. However, in case you are looking for additional options, here&#8217;s a list of restaurants in the area:<\/p>\n\n\n\n<figure class=\"wp-block-table\"><table class=\"has-white-border-color has-border-color\"><tbody><tr><td><a href=\"https:\/\/www.google.de\/maps\/place\/Caf%C3%A9+Fran%C3%A7ais\/@48.215589,16.360411,17.71z\/data=!4m8!1m2!2m1!1sRestaurants!3m4!1s0x476d07be9f66a13b:0x6d276b59f0f257f3!8m2!3d48.2155686!4d16.3611567\" target=\"_blank\" rel=\"noreferrer noopener\">Caf\u00e9 Fran<em>\u00e7<\/em>ais<\/a><\/td><td>French and international<\/td><\/tr><tr><td><a href=\"https:\/\/www.google.de\/maps\/place\/Caf%C3%A9+Gagarin\/@48.217944,16.3547187,17z\/data=!4m8!1m2!2m1!1sRestaurants!3m4!1s0x476d07b8ac4f516f:0xdc52daa6ea8239a9!8m2!3d48.2179441!4d16.3560585\" target=\"_blank\" rel=\"noreferrer noopener\">Caf\u00e9 Gargarin<\/a><\/td><td>Vegetarian<\/td><\/tr><tr><td><a href=\"https:\/\/www.google.de\/maps\/place\/I+Vecchi+Amici\/@48.2191374,16.36118,17z\/data=!3m1!4b1!4m5!3m4!1s0x476d07b90c4c4507:0xb13b9d8158e7a8c7!8m2!3d48.2191374!4d16.36118\" target=\"_blank\" rel=\"noreferrer noopener\">I Vecchi Amici<\/a><\/td><td>Italian<\/td><\/tr><tr><td><a href=\"https:\/\/www.google.de\/maps\/place\/Kim+Shop\/@48.2215289,16.3546367,17z\/data=!3m1!4b1!4m5!3m4!1s0x476d07c7b6fe8099:0x7ecdd635621294d1!8m2!3d48.2215289!4d16.3546367\" target=\"_blank\" rel=\"noreferrer noopener\">Kim Shop<\/a><\/td><td>Korean; daily changing lunch offer<\/td><\/tr><tr><td><a href=\"https:\/\/www.google.de\/maps\/place\/Pizzeria+Giuliano\/@48.2210246,16.3518628,17z\/data=!3m2!4b1!5s0x476d07c65fd1a117:0x7eb3113ce5bc3b82!4m5!3m4!1s0x476d07399ca44ff5:0x36dbf77f760c48fc!8m2!3d48.2210246!4d16.3518628\" target=\"_blank\" rel=\"noreferrer noopener\">Pizzeria Giuliano<\/a><\/td><td>Italian<\/td><\/tr><tr><td><a href=\"https:\/\/www.google.de\/maps\/place\/S%C3%A4gewerk\/@48.2188152,16.357562,17z\/data=!3m1!4b1!4m5!3m4!1s0x476d07b882191e4d:0xd7db091c22de10c5!8m2!3d48.2188111!4d16.3575522\" target=\"_blank\" rel=\"noreferrer noopener\">S\u00e4gewerk<\/a><\/td><td>Student&#8217;s restaurant; a large variety of austrian and international dishes with option to customize, budget prizes<\/td><\/tr><tr><td><a href=\"https:\/\/www.google.de\/maps\/place\/SLY+%26+ARNY\/@48.2185134,16.3570081,17z\/data=!3m1!4b1!4m5!3m4!1s0x476d07b8bbfed9d1:0x1c2fced451b0e31c!8m2!3d48.2185134!4d16.3570081\" target=\"_blank\" rel=\"noreferrer noopener\">Sly &amp; Arny<\/a><\/td><td>Cocktail bar &amp; pizza<\/td><\/tr><tr><td><a href=\"https:\/\/www.google.de\/maps\/place\/Swing+Kitchen\/@48.2223661,16.3528651,17z\/data=!3m1!4b1!4m5!3m4!1s0x476d07c63c2c5151:0x183be1f7a4c57a57!8m2!3d48.2223661!4d16.3528651\" target=\"_blank\" rel=\"noreferrer noopener\">Swing Kitchen<\/a><\/td><td>Vegan Burger<\/td><\/tr><tr><td><a href=\"https:\/\/www.google.de\/maps\/place\/Tibet+Restaurant\/@48.2251731,16.3500012,17z\/data=!3m1!4b1!4m5!3m4!1s0x476d07cf13ac422f:0x94879ecee574b654!8m2!3d48.2251733!4d16.3499992\" target=\"_blank\" rel=\"noreferrer noopener\">Tibet<\/a><\/td><td>Tibetan kitchen with colorful, buddhist interior<\/td><\/tr><tr><td><a href=\"https:\/\/www.google.de\/maps\/place\/tulsi\/@48.2230496,16.3516516,17z\/data=!4m5!3m4!1s0x476d07c8a239e197:0x5159961c9b868386!8m2!3d48.2236143!4d16.3531322\" target=\"_blank\" rel=\"noreferrer noopener\">Tulsi<\/a><\/td><td>Indian<\/td><\/tr><tr><td><a href=\"https:\/\/www.google.de\/maps\/place\/Der+Wiener+Deewan\/@48.2170986,16.362683,17z\/data=!3m2!4b1!5s0x476d07bbfa2844a3:0x6d9b3eec5b676d3d!4m5!3m4!1s0x476d07bbfbe0b871:0x9ccd842c0775fe8b!8m2!3d48.2170986!4d16.362683\" target=\"_blank\" rel=\"noreferrer noopener\">Wiener Deewan<\/a><\/td><td>Pakistani; all you can eat &#8211; pay as you wish<\/td><\/tr><\/tbody><\/table><\/figure>\n\n\n\n<p><\/p>\n","protected":false},"excerpt":{"rendered":"<p>We offer lunch, coffee breaks and a workshop dinner, so you don&#8217;t need to eat elsewhere. However, in case you are looking for additional options, here&#8217;s a list of restaurants in the area: Caf\u00e9 Fran\u00e7ais French and international Caf\u00e9 Gargarin Vegetarian I Vecchi Amici Italian Kim Shop Korean; daily changing lunch offer Pizzeria Giuliano Italian &hellip;<\/p>\n<p class=\"read-more\"> <a class=\"\" href=\"https:\/\/aw23.asem.at\/?page_id=35\"> <span class=\"screen-reader-text\">Food<\/span> Read More &raquo;<\/a><\/p>\n","protected":false},"author":4,"featured_media":0,"parent":29,"menu_order":0,"comment_status":"closed","ping_status":"closed","template":"","meta":{"ub_ctt_via":"","site-sidebar-layout":"default","site-content-layout":"default","ast-global-header-display":"","ast-main-header-display":"","ast-hfb-above-header-display":"","ast-hfb-below-header-display":"","ast-hfb-mobile-header-display":"","site-post-title":"","ast-breadcrumbs-content":"","ast-featured-img":"","footer-sml-layout":"","theme-transparent-header-meta":"","adv-header-id-meta":"","stick-header-meta":"","header-above-stick-meta":"","header-main-stick-meta":"","header-below-stick-meta":"","footnotes":""},"class_list":["post-35","page","type-page","status-publish","hentry"],"featured_image_src":null,"_links":{"self":[{"href":"https:\/\/aw23.asem.at\/index.php?rest_route=\/wp\/v2\/pages\/35","targetHints":{"allow":["GET"]}}],"collection":[{"href":"https:\/\/aw23.asem.at\/index.php?rest_route=\/wp\/v2\/pages"}],"about":[{"href":"https:\/\/aw23.asem.at\/index.php?rest_route=\/wp\/v2\/types\/page"}],"author":[{"embeddable":true,"href":"https:\/\/aw23.asem.at\/index.php?rest_route=\/wp\/v2\/users\/4"}],"replies":[{"embeddable":true,"href":"https:\/\/aw23.asem.at\/index.php?rest_route=%2Fwp%2Fv2%2Fcomments&post=35"}],"version-history":[{"count":5,"href":"https:\/\/aw23.asem.at\/index.php?rest_route=\/wp\/v2\/pages\/35\/revisions"}],"predecessor-version":[{"id":432,"href":"https:\/\/aw23.asem.at\/index.php?rest_route=\/wp\/v2\/pages\/35\/revisions\/432"}],"up":[{"embeddable":true,"href":"https:\/\/aw23.asem.at\/index.php?rest_route=\/wp\/v2\/pages\/29"}],"wp:attachment":[{"href":"https:\/\/aw23.asem.at\/index.php?rest_route=%2Fwp%2Fv2%2Fmedia&parent=35"}],"curies":[{"name":"wp","href":"https:\/\/api.w.org\/{rel}","templated":true}]}}