{"id":31,"date":"2022-09-14T11:41:53","date_gmt":"2022-09-14T11:41:53","guid":{"rendered":"https:\/\/aw23.asem.at\/?page_id=31"},"modified":"2022-12-25T16:05:17","modified_gmt":"2022-12-25T16:05:17","slug":"venues","status":"publish","type":"page","link":"https:\/\/aw23.asem.at\/?page_id=31","title":{"rendered":"Venues"},"content":{"rendered":"\n<p><\/p>\n\n\n\n<p class=\"has-medium-font-size\"><\/p>\n\n\n<div class=\"ub-styled-box ub-notification-box\" id=\"ub-styled-box-61295a4a-173c-482b-bb7e-f7e8ec532755\">\n\n\n<div class=\"wp-block-columns is-layout-flex wp-container-core-columns-is-layout-28f84493 wp-block-columns-is-layout-flex\">\n<div class=\"wp-block-column is-layout-flow wp-block-column-is-layout-flow\">\n<p style=\"font-size:24px\">Workshop<\/p>\n\n\n\n<p><\/p>\n\n\n\n<p style=\"font-size:18px\">Faculty of Computer Sciences, University of Vienna<br>W\u00e4hringer Stra\u00dfe 29<br>1090 Wien<br><\/p>\n\n\n\n<p style=\"font-size:18px\"><strong>Public transport:<\/strong> Tram stop Sensengasse with lines 37, 38, 40, 41 and 42 (leaving from U6 W\u00e4hringer Stra\u00dfe or U6 Nu\u00dfdorferstra\u00dfe or U2 Schottentor)<\/p>\n<\/div>\n\n\n\n<div class=\"wp-block-column is-layout-flow wp-block-column-is-layout-flow\" style=\"flex-basis:40px\"><\/div>\n\n\n\n<div class=\"wp-block-column is-layout-flow wp-block-column-is-layout-flow\">\n<iframe loading=\"lazy\" scrolling=\"no\" marginheight=\"0\" marginwidth=\"0\" src=\"https:\/\/www.openstreetmap.org\/export\/embed.html?bbox=16.355134248733524%2C48.21961005995133%2C16.35695815086365%2C48.220575082122544&amp;layer=mapnik\" style=\"border: 1px solid black\" width=\"500\" height=\"425\" frameborder=\"0\"><\/iframe><br><small><a href=\"https:\/\/www.openstreetmap.org\/#map=19\/48.22009\/16.35605\">View Larger Map<\/a><\/small>\n<\/div>\n<\/div>\n\n\n\n<p><\/p>\n\n\n<\/div>\n\n<div class=\"ub-styled-box ub-notification-box\" id=\"ub-styled-box-39988042-7a95-4974-b668-9f0eefbcc5ea\">\n\n\n<div class=\"wp-block-columns is-layout-flex wp-container-core-columns-is-layout-28f84493 wp-block-columns-is-layout-flex\">\n<div class=\"wp-block-column is-layout-flow wp-block-column-is-layout-flow\">\n<p style=\"font-size:24px\">Dinner<\/p>\n\n\n\n<p style=\"font-size:18px\">Stiegl Ambulanz<br>Alser Stra\u00dfe 4\/ Hof 1 (Old university campus)<br>1090 Wien<br><br><strong>Public transport:<\/strong> Tram stop Lange Gasse with lines 5, 43 or 44 (leaving from U6 Alserstra\u00dfe, U6 Westbahnhof or U2 Schottentor)<br><br>The dinner location is in walking distance from the conference venue. (When you exit the building, turn right, then turn the next right into Van-Swieten-Gasse, then follow the path straight ahead until you reach the old campus.)<\/p>\n<\/div>\n\n\n\n<div class=\"wp-block-column is-layout-flow wp-block-column-is-layout-flow\" style=\"flex-basis:40px\"><\/div>\n\n\n\n<div class=\"wp-block-column is-layout-flow wp-block-column-is-layout-flow\">\n<iframe loading=\"lazy\" scrolling=\"no\" marginheight=\"0\" marginwidth=\"0\" src=\"https:\/\/www.openstreetmap.org\/export\/embed.html?bbox=16.34995758533478%2C48.2151903833996%2C16.353605389595035%2C48.217120576173166&amp;layer=mapnik\" style=\"border: 1px solid black\" width=\"500\" height=\"425\" frameborder=\"0\"><\/iframe><br><small><a href=\"https:\/\/www.openstreetmap.org\/#map=18\/48.21616\/16.35178\">View Larger Map<\/a><\/small>\n<\/div>\n<\/div>\n\n\n\n<p><\/p>\n\n\n<\/div>","protected":false},"excerpt":{"rendered":"","protected":false},"author":4,"featured_media":0,"parent":29,"menu_order":0,"comment_status":"closed","ping_status":"closed","template":"","meta":{"ub_ctt_via":"","site-sidebar-layout":"default","site-content-layout":"default","ast-global-header-display":"","ast-main-header-display":"","ast-hfb-above-header-display":"","ast-hfb-below-header-display":"","ast-hfb-mobile-header-display":"","site-post-title":"","ast-breadcrumbs-content":"","ast-featured-img":"","footer-sml-layout":"","theme-transparent-header-meta":"","adv-header-id-meta":"","stick-header-meta":"","header-above-stick-meta":"","header-main-stick-meta":"","header-below-stick-meta":"","footnotes":""},"class_list":["post-31","page","type-page","status-publish","hentry"],"featured_image_src":null,"_links":{"self":[{"href":"https:\/\/aw23.asem.at\/index.php?rest_route=\/wp\/v2\/pages\/31","targetHints":{"allow":["GET"]}}],"collection":[{"href":"https:\/\/aw23.asem.at\/index.php?rest_route=\/wp\/v2\/pages"}],"about":[{"href":"https:\/\/aw23.asem.at\/index.php?rest_route=\/wp\/v2\/types\/page"}],"author":[{"embeddable":true,"href":"https:\/\/aw23.asem.at\/index.php?rest_route=\/wp\/v2\/users\/4"}],"replies":[{"embeddable":true,"href":"https:\/\/aw23.asem.at\/index.php?rest_route=%2Fwp%2Fv2%2Fcomments&post=31"}],"version-history":[{"count":57,"href":"https:\/\/aw23.asem.at\/index.php?rest_route=\/wp\/v2\/pages\/31\/revisions"}],"predecessor-version":[{"id":403,"href":"https:\/\/aw23.asem.at\/index.php?rest_route=\/wp\/v2\/pages\/31\/revisions\/403"}],"up":[{"embeddable":true,"href":"https:\/\/aw23.asem.at\/index.php?rest_route=\/wp\/v2\/pages\/29"}],"wp:attachment":[{"href":"https:\/\/aw23.asem.at\/index.php?rest_route=%2Fwp%2Fv2%2Fmedia&parent=31"}],"curies":[{"name":"wp","href":"https:\/\/api.w.org\/{rel}","templated":true}]}}